{"id":51237,"date":"2020-06-02T19:33:24","date_gmt":"2020-06-02T17:33:24","guid":{"rendered":"https:\/\/redesign.twowingsis.com\/directors-message\/"},"modified":"2026-05-13T03:15:51","modified_gmt":"2026-05-13T01:15:51","slug":"directors-message","status":"publish","type":"page","link":"https:\/\/twowingsis.com\/fr\/directors-message\/","title":{"rendered":"Message du directeur"},"content":{"rendered":"<p><img loading=\"lazy\" decoding=\"async\" class=\"alignnone wp-image-52144\" src=\"https:\/\/twowingsis.com\/wp-content\/uploads\/2026\/05\/Principal-Two-Wings-International-225x300.jpeg\" alt=\"\" width=\"520\" height=\"693\" srcset=\"https:\/\/twowingsis.com\/wp-content\/uploads\/2026\/05\/Principal-Two-Wings-International-225x300.jpeg 225w, https:\/\/twowingsis.com\/wp-content\/uploads\/2026\/05\/Principal-Two-Wings-International-768x1024.jpeg 768w, https:\/\/twowingsis.com\/wp-content\/uploads\/2026\/05\/Principal-Two-Wings-International-9x12.jpeg 9w, https:\/\/twowingsis.com\/wp-content\/uploads\/2026\/05\/Principal-Two-Wings-International.jpeg 810w\" sizes=\"auto, (max-width: 520px) 100vw, 520px\" \/><\/p>\n<h2>Le message de la Directrice de l'ecole<\/h2>\n<p>I am happy and profoundly grateful for the opportunity to welcome you all to Two Wings International School. Our core vision is to offer to our young learners a strong educational foundation that is balanced. In our strive for excellence, we will insure that children find joy, emotional and physical safety while engaging in a range of learning activities that take into consideration both academic, social, emotional and spiritual progress so as to reveal their full potential. Our school\u2019s curriculum uses two languages of instruction: English and French. While focusing on French at Cambridge Early Age , it is carefully framed to deliver quality and balanced programs that meet high standards of education.<\/p>\n<h2>Two Wings International School<\/h2>\n<p>We incorporate the best and most innovative practices in education, integrating practical learning activities. We maintain a clear focus on the hiring process and the crucial role of teachers in the welfare and progress of children.<\/p>\n<p>We carefully select experienced and trustworthy teachers and assistant teachers who ensure the academic, spiritual, and personal development of children. At Two Wings International School, we understand that a strong spiritual and moral foundation helps children develop human virtues and build character, which is essential for strengthening our educational vision and mission<\/p>\n<p>&nbsp;<\/p>\n<h2>Nos valeurs<\/h2>\n<p>Two Wings International School offre une opportunit\u00e9 extraordinaire dans les domaines acad\u00e9miques et parascolaires. Nous disposons d'\u00e9quipements d'apprentissage (Aires de jeux vertes, grand bac \u00e0 sable, zoo scolaire pour animaux, piscine, centre de jeux de r\u00f4le\u2026) propice \u00e0 un d\u00e9veloppement soign\u00e9, entre autres mati\u00e8res, de nos 2 langues d'enseignement (fran\u00e7ais et anglais) et encourage nos enfants \u00e0 d\u00e9velopper leurs talents.<\/p>\n<h2><\/h2>\n<p><img loading=\"lazy\" decoding=\"async\" class=\"alignnone wp-image-52113\" src=\"https:\/\/twowingsis.com\/wp-content\/uploads\/2026\/05\/f8565ce3-996a-4e69-8d3f-352faf1774b3-300x225.jpg\" alt=\"\" width=\"507\" height=\"380\" srcset=\"https:\/\/twowingsis.com\/wp-content\/uploads\/2026\/05\/f8565ce3-996a-4e69-8d3f-352faf1774b3-300x225.jpg 300w, https:\/\/twowingsis.com\/wp-content\/uploads\/2026\/05\/f8565ce3-996a-4e69-8d3f-352faf1774b3-1024x768.jpg 1024w, https:\/\/twowingsis.com\/wp-content\/uploads\/2026\/05\/f8565ce3-996a-4e69-8d3f-352faf1774b3-768x576.jpg 768w, https:\/\/twowingsis.com\/wp-content\/uploads\/2026\/05\/f8565ce3-996a-4e69-8d3f-352faf1774b3-16x12.jpg 16w, https:\/\/twowingsis.com\/wp-content\/uploads\/2026\/05\/f8565ce3-996a-4e69-8d3f-352faf1774b3.jpg 1080w\" sizes=\"auto, (max-width: 507px) 100vw, 507px\" \/><\/p>\n<h3>Apprentissage et Jeux<\/h3>\n<p>Dans un cadre scolaire dynamique, l\u2019int\u00e9gration d\u2019activit\u00e9s engageantes et d\u2019apprentissage interactif rend non seulement l\u2019\u00e9ducation agr\u00e9able, mais am\u00e9liore \u00e9galement la motivation et la compr\u00e9hension des \u00e9l\u00e8ves, favorisant un \u00e9quilibre harmonieux entre apprentissage et plaisir.<\/p>\n<p><img loading=\"lazy\" decoding=\"async\" class=\"alignnone wp-image-52150\" src=\"https:\/\/twowingsis.com\/wp-content\/uploads\/2026\/05\/Friendly-Environment--300x169.jpeg\" alt=\"\" width=\"600\" height=\"338\" srcset=\"https:\/\/twowingsis.com\/wp-content\/uploads\/2026\/05\/Friendly-Environment--300x169.jpeg 300w, https:\/\/twowingsis.com\/wp-content\/uploads\/2026\/05\/Friendly-Environment--1024x576.jpeg 1024w, https:\/\/twowingsis.com\/wp-content\/uploads\/2026\/05\/Friendly-Environment--768x432.jpeg 768w, https:\/\/twowingsis.com\/wp-content\/uploads\/2026\/05\/Friendly-Environment--18x10.jpeg 18w, https:\/\/twowingsis.com\/wp-content\/uploads\/2026\/05\/Friendly-Environment-.jpeg 1080w\" sizes=\"auto, (max-width: 600px) 100vw, 600px\" \/><\/p>\n<h3>Un Environnement amical<\/h3>\n<p>Un environnement scolaire convivial favorise une atmosph\u00e8re accueillante dans laquelle les \u00e9l\u00e8ves se sentent valoris\u00e9s, respect\u00e9s et encourag\u00e9s \u00e0 explorer leur potentiel, cr\u00e9ant ainsi un espace positif pour la croissance acad\u00e9mique et le d\u00e9veloppement social.<\/p>\n<p><img loading=\"lazy\" decoding=\"async\" class=\"alignnone wp-image-52151\" src=\"https:\/\/twowingsis.com\/wp-content\/uploads\/2026\/05\/Childrens-Safety-300x200.jpeg\" alt=\"\" width=\"434\" height=\"289\" srcset=\"https:\/\/twowingsis.com\/wp-content\/uploads\/2026\/05\/Childrens-Safety-300x200.jpeg 300w, https:\/\/twowingsis.com\/wp-content\/uploads\/2026\/05\/Childrens-Safety-1024x683.jpeg 1024w, https:\/\/twowingsis.com\/wp-content\/uploads\/2026\/05\/Childrens-Safety-768x512.jpeg 768w, https:\/\/twowingsis.com\/wp-content\/uploads\/2026\/05\/Childrens-Safety-18x12.jpeg 18w, https:\/\/twowingsis.com\/wp-content\/uploads\/2026\/05\/Childrens-Safety.jpeg 1080w\" sizes=\"auto, (max-width: 434px) 100vw, 434px\" \/><\/p>\n<h3>S\u00e9curit\u00e9 des enfants<\/h3>\n<p>Ensuring children\u2019s safety at school involves implementing comprehensive measures, including secure facilities, vigilant supervision, and effective protocols, to create an environment where students can learn and thrive with confidence and peace of mind.<\/p>\n<p><img loading=\"lazy\" decoding=\"async\" class=\"alignnone  wp-image-52153\" src=\"https:\/\/twowingsis.com\/wp-content\/uploads\/2026\/05\/Healthy-Meals-225x300.jpeg\" alt=\"\" width=\"329\" height=\"439\" srcset=\"https:\/\/twowingsis.com\/wp-content\/uploads\/2026\/05\/Healthy-Meals-225x300.jpeg 225w, https:\/\/twowingsis.com\/wp-content\/uploads\/2026\/05\/Healthy-Meals-768x1024.jpeg 768w, https:\/\/twowingsis.com\/wp-content\/uploads\/2026\/05\/Healthy-Meals-9x12.jpeg 9w, https:\/\/twowingsis.com\/wp-content\/uploads\/2026\/05\/Healthy-Meals.jpeg 810w\" sizes=\"auto, (max-width: 329px) 100vw, 329px\" \/><\/p>\n<h3>Repas sains<\/h3>\n<p>Healthy school meals promote students\u2019 well-being by providing nutritious and balanced options that contribute to their physical health, cognitive function, and overall energy, supporting a positive learning environment.<\/p>\n<p>&nbsp;<\/p>","protected":false},"excerpt":{"rendered":"<p>Message from the Director, Judith Nyamoga I am happy and profoundly grateful for the opportunity to welcome you all to Two Wings International School. Our core vision is to offer to our young learners a strong educational foundation that is balanced. In our strive for excellence, we will insure that children find joy, emotional and [&hellip;]<\/p>\n","protected":false},"author":11,"featured_media":52144,"parent":0,"menu_order":0,"comment_status":"closed","ping_status":"closed","template":"","meta":{"footnotes":""},"class_list":["post-51237","page","type-page","status-publish","has-post-thumbnail","hentry"],"_links":{"self":[{"href":"https:\/\/twowingsis.com\/fr\/wp-json\/wp\/v2\/pages\/51237","targetHints":{"allow":["GET"]}}],"collection":[{"href":"https:\/\/twowingsis.com\/fr\/wp-json\/wp\/v2\/pages"}],"about":[{"href":"https:\/\/twowingsis.com\/fr\/wp-json\/wp\/v2\/types\/page"}],"author":[{"embeddable":true,"href":"https:\/\/twowingsis.com\/fr\/wp-json\/wp\/v2\/users\/11"}],"replies":[{"embeddable":true,"href":"https:\/\/twowingsis.com\/fr\/wp-json\/wp\/v2\/comments?post=51237"}],"version-history":[{"count":7,"href":"https:\/\/twowingsis.com\/fr\/wp-json\/wp\/v2\/pages\/51237\/revisions"}],"predecessor-version":[{"id":52147,"href":"https:\/\/twowingsis.com\/fr\/wp-json\/wp\/v2\/pages\/51237\/revisions\/52147"}],"wp:featuredmedia":[{"embeddable":true,"href":"https:\/\/twowingsis.com\/fr\/wp-json\/wp\/v2\/media\/52144"}],"wp:attachment":[{"href":"https:\/\/twowingsis.com\/fr\/wp-json\/wp\/v2\/media?parent=51237"}],"curies":[{"name":"wp","href":"https:\/\/api.w.org\/{rel}","templated":true}]}}