{"id":374,"date":"2020-05-07T09:06:57","date_gmt":"2020-05-07T09:06:57","guid":{"rendered":"https:\/\/mobilebusters.website\/christine\/?page_id=374"},"modified":"2025-06-24T11:51:17","modified_gmt":"2025-06-24T11:51:17","slug":"special-education","status":"publish","type":"page","link":"https:\/\/twowingsis.com\/fr\/special-education\/","title":{"rendered":"\u00c9ducation Sp\u00e9ciale"},"content":{"rendered":"<div data-elementor-type=\"wp-page\" data-elementor-id=\"374\" class=\"elementor elementor-374\">\n\t\t\t\t\t\t<section class=\"elementor-section elementor-top-section elementor-element elementor-element-ddf7bfa elementor-section-full_width elementor-section-height-default elementor-section-height-default\" data-id=\"ddf7bfa\" data-element_type=\"section\" data-e-type=\"section\">\n\t\t\t\t\t\t<div class=\"elementor-container elementor-column-gap-no\">\n\t\t\t\t\t<div class=\"elementor-column elementor-col-100 elementor-top-column elementor-element elementor-element-f00166c\" data-id=\"f00166c\" data-element_type=\"column\" data-e-type=\"column\">\n\t\t\t<div class=\"elementor-widget-wrap elementor-element-populated\">\n\t\t\t\t\t\t<div class=\"elementor-element elementor-element-ec191ac elementor-widget elementor-widget-eCademy_About_College_Three\" data-id=\"ec191ac\" data-element_type=\"widget\" data-e-type=\"widget\" data-widget_type=\"eCademy_About_College_Three.default\">\n\t\t\t\t<div class=\"elementor-widget-container\">\n\t\t\t\t\t        <div class=\"ptb-100\">\n            <div class=\"container\">\n                <div class=\"row align-items-center\">\n                    <div class=\"col-lg-12 col-xl-6\">\n                        <div class=\"cw-about\">\n                            <div class=\"cw-about-content\">\n                                <h3 class=\"playfair-display-font el-title\">\n                                    Offrande de Two Wings                                <\/h3>\n                                <p><\/p>\n                            <\/div>\n\n\n                             \n                                <div class=\"cw-about-mission-vision\">\n                                    <h3 class=\"playfair-display-font\"><\/h3>\n                                    <p>\n                                        L'\u00e9cole internationale Two Wings, apr\u00e8s des observations quotidiennes en classe, des rencontres avec les enseignants et des discussions avec les parents, s'efforce de :                                    <\/p>\n                                <\/div>\n                            \n                            <div class=\"cw-search-your-program\">\n                                <h3 class=\"playfair-display-font\"><\/h3>\n                                <ul>\n                                    <li>\u00c9valuer les \u00e9tudiants avec des outils p\u00e9dagogiques consciencieusement con\u00e7us par des \u00e9quipes d'experts et servant de mod\u00e8le de test diagnostique.<\/li>\n<li>Pour d\u00e9terminer plus ou moins le degr\u00e9 de difficult\u00e9 de l'enfant.<\/li>\n<li>D'inviter les parents \u00e0 inscrire l'enfant, au besoin, \u00e0 un programme d'intervention, le plus courant et le plus important \u00e9tant le programme d'intervention en lecture qui comprend toutes les branches d'apprentissage li\u00e9es au langage, y compris la lecture, l'\u00e9criture, l'orthographe, l'expression orale, l'enrichissement du vocabulaire, les notions grammaticales de base, etc.<\/li>\n<p class=\"robotext\">\nL'\u00e9cole internationale Two Wings, s'impr\u00e9gnant des observations continues de ses apprenants, s'inspire de ce travail pour intervenir en classe en vue de faire progresser ses \u00e9l\u00e8ves pr\u00e9sentant diff\u00e9rents troubles d'apprentissage.<\/p>\n<p class=\"robotext\">\nUn travail collectif men\u00e9 \u00e0 l\u2019initiative d\u2019Ollivier DELPLANCKE\nIEN dans le district de Mo\u00fbtiers a permis aux \u00e9coles de fournir aux enseignants de maternelle et d\u2019\u00e9l\u00e9mentaire des informations sur les diff\u00e9rents troubles d\u2019apprentissage rencontr\u00e9s par certains \u00e9l\u00e8ves.<\/p>\n<em>Source:\n\nObservations base sur experience<br>\nHanna A. Kubas, Jac J. W. Andrews, James B. Hale<\/em>                                <\/ul>\n                            <\/div>\n                        <\/div>\n                    <\/div>\n\n                    <div class=\"col-lg-12 col-xl-6\">\n                        <div class=\"cw-welcome-img\">\n                                                            <img decoding=\"async\" src=\"https:\/\/twowingsis.com\/wp-content\/uploads\/2025\/06\/child-activities-x6.jpg\" alt=\"\">\n                                                    <\/div>\n                    <\/div>\n                <\/div>\n            <\/div>\n        <\/div>\n        \t\t\t\t<\/div>\n\t\t\t\t<\/div>\n\t\t\t\t\t<\/div>\n\t\t<\/div>\n\t\t\t\t\t<\/div>\n\t\t<\/section>\n\t\t\t\t<section class=\"elementor-section elementor-top-section elementor-element elementor-element-11f1188 advisor-area bg-f9f9f9 ptb-100 elementor-section-boxed elementor-section-height-default elementor-section-height-default\" data-id=\"11f1188\" data-element_type=\"section\" data-e-type=\"section\">\n\t\t\t\t\t\t<div class=\"elementor-container elementor-column-gap-no\">\n\t\t\t\t\t<div class=\"elementor-column elementor-col-100 elementor-top-column elementor-element elementor-element-00f4305\" data-id=\"00f4305\" data-element_type=\"column\" data-e-type=\"column\">\n\t\t\t<div class=\"elementor-widget-wrap elementor-element-populated\">\n\t\t\t\t\t\t<div class=\"elementor-element elementor-element-c4dfcb8 elementor-widget elementor-widget-heading\" data-id=\"c4dfcb8\" data-element_type=\"widget\" data-e-type=\"widget\" data-widget_type=\"heading.default\">\n\t\t\t\t<div class=\"elementor-widget-container\">\n\t\t\t\t\t<h2 class=\"elementor-heading-title elementor-size-default\">Apprenez-en davantage sur les troubles d\u2019apprentissage sp\u00e9cifiques.<\/h2>\t\t\t\t<\/div>\n\t\t\t\t<\/div>\n\t\t\t\t<div class=\"elementor-element elementor-element-b41cc67 elementor-widget elementor-widget-image\" data-id=\"b41cc67\" data-element_type=\"widget\" data-e-type=\"widget\" data-widget_type=\"image.default\">\n\t\t\t\t<div class=\"elementor-widget-container\">\n\t\t\t\t\t\t\t\t\t\t\t\t\t\t\t<img fetchpriority=\"high\" decoding=\"async\" width=\"750\" height=\"476\" src=\"https:\/\/twowingsis.com\/wp-content\/uploads\/2025\/06\/school-childrens.webp\" class=\"attachment-ecademy_default_thumb size-ecademy_default_thumb wp-image-8169\" alt=\"\" srcset=\"https:\/\/twowingsis.com\/wp-content\/uploads\/2025\/06\/school-childrens.webp 750w, https:\/\/twowingsis.com\/wp-content\/uploads\/2025\/06\/school-childrens-300x190.webp 300w, https:\/\/twowingsis.com\/wp-content\/uploads\/2025\/06\/school-childrens-600x381.webp 600w\" sizes=\"(max-width: 750px) 100vw, 750px\" \/>\t\t\t\t\t\t\t\t\t\t\t\t\t\t\t<\/div>\n\t\t\t\t<\/div>\n\t\t\t\t<div class=\"elementor-element elementor-element-4fa2e75 elementor-widget elementor-widget-Section\" data-id=\"4fa2e75\" data-element_type=\"widget\" data-e-type=\"widget\" data-widget_type=\"Section.default\">\n\t\t\t\t<div class=\"elementor-widget-container\">\n\t\t\t\t\t                            <div class=\"section-title sec-alignment text-center\">\r\n                    \r\n                                        \r\n                                            <p >Les enfants pr\u00e9sentant des troubles d'apprentissage ont g\u00e9n\u00e9ralement une intelligence moyenne ou sup\u00e9rieure \u00e0 la moyenne, mais \u00e9prouvent des difficult\u00e9s \u00e0 percevoir (comprendre) ou \u00e0 utiliser l'information, ce qui entra\u00eene des aptitudes in\u00e9gales et des faiblesses observables en lecture, expression orale, \u00e9criture, \u00e9coute, r\u00e9solution de probl\u00e8mes, calcul et aptitudes sociales.\nUn trouble sp\u00e9cifique d'apprentissage (TSA) est d\u00e9crit comme un trouble neurod\u00e9veloppemental (li\u00e9 \u00e0 la croissance et au d\u00e9veloppement du cerveau) r\u00e9sultant de l'interaction de facteurs g\u00e9n\u00e9tiques et environnementaux qui affectent la fa\u00e7on dont le cerveau per\u00e7oit, traite et utilise l'information. L'Association canadienne des troubles d'apprentissage (ACTA) d\u00e9finit les TSA comme des dysfonctionnements pouvant affecter l'acquisition, l'organisation, la r\u00e9tention, la compr\u00e9hension ou le traitement de l'information chez des personnes pr\u00e9sentant par ailleurs des comp\u00e9tences intellectuelles inf\u00e9rieures \u00e0 la moyenne. Le TAS se d\u00e9finit comme une baisse de la r\u00e9ussite scolaire li\u00e9e \u00e0 l'\u00e2ge et au stade de d\u00e9veloppement d'une personne, malgr\u00e9 l'enseignement en classe et d'autres interventions qui devraient l'am\u00e9liorer.<\/p>\r\n                                    <\/div>\r\n                    \t\t\t\t<\/div>\n\t\t\t\t<\/div>\n\t\t\t\t\t<\/div>\n\t\t<\/div>\n\t\t\t\t\t<\/div>\n\t\t<\/section>\n\t\t\t\t<section class=\"elementor-section elementor-top-section elementor-element elementor-element-905a99d bg-fef8ef elementor-section-boxed elementor-section-height-default elementor-section-height-default\" data-id=\"905a99d\" data-element_type=\"section\" data-e-type=\"section\">\n\t\t\t\t\t\t<div class=\"elementor-container elementor-column-gap-no\">\n\t\t\t\t\t<div class=\"elementor-column elementor-col-100 elementor-top-column elementor-element elementor-element-a8e4349\" data-id=\"a8e4349\" data-element_type=\"column\" data-e-type=\"column\">\n\t\t\t<div class=\"elementor-widget-wrap elementor-element-populated\">\n\t\t\t\t\t\t<div class=\"elementor-element elementor-element-01bcec2 elementor-widget elementor-widget-n-accordion\" data-id=\"01bcec2\" data-element_type=\"widget\" data-e-type=\"widget\" data-settings=\"{&quot;default_state&quot;:&quot;expanded&quot;,&quot;max_items_expended&quot;:&quot;one&quot;,&quot;n_accordion_animation_duration&quot;:{&quot;unit&quot;:&quot;ms&quot;,&quot;size&quot;:400,&quot;sizes&quot;:[]}}\" data-widget_type=\"nested-accordion.default\">\n\t\t\t\t<div class=\"elementor-widget-container\">\n\t\t\t\t\t\t\t<div class=\"e-n-accordion\" aria-label=\"Accordion. Open links with Enter or Space, close with Escape, and navigate with Arrow Keys\">\n\t\t\t\t\t\t<details id=\"e-n-accordion-item-1820\" class=\"e-n-accordion-item\" open>\n\t\t\t\t<summary class=\"e-n-accordion-item-title\" data-accordion-index=\"1\" tabindex=\"0\" aria-expanded=\"true\" aria-controls=\"e-n-accordion-item-1820\" >\n\t\t\t\t\t<span class='e-n-accordion-item-title-header'><div class=\"e-n-accordion-item-title-text\"> Caract\u00e9ristiques du SLD <\/div><\/span>\n\t\t\t\t\t\t\t<span class='e-n-accordion-item-title-icon'>\n\t\t\t<span class='e-opened' ><svg aria-hidden=\"true\" class=\"e-font-icon-svg e-fas-minus\" viewbox=\"0 0 448 512\" xmlns=\"http:\/\/www.w3.org\/2000\/svg\"><path d=\"M416 208H32c-17.67 0-32 14.33-32 32v32c0 17.67 14.33 32 32 32h384c17.67 0 32-14.33 32-32v-32c0-17.67-14.33-32-32-32z\"><\/path><\/svg><\/span>\n\t\t\t<span class='e-closed'><svg aria-hidden=\"true\" class=\"e-font-icon-svg e-fas-plus\" viewbox=\"0 0 448 512\" xmlns=\"http:\/\/www.w3.org\/2000\/svg\"><path d=\"M416 208H272V64c0-17.67-14.33-32-32-32h-32c-17.67 0-32 14.33-32 32v144H32c-17.67 0-32 14.33-32 32v32c0 17.67 14.33 32 32 32h144v144c0 17.67 14.33 32 32 32h32c17.67 0 32-14.33 32-32V304h144c17.67 0 32-14.33 32-32v-32c0-17.67-14.33-32-32-32z\"><\/path><\/svg><\/span>\n\t\t<\/span>\n\n\t\t\t\t\t\t<\/summary>\n\t\t\t\t<div role=\"region\" aria-labelledby=\"e-n-accordion-item-1820\" class=\"elementor-element elementor-element-4cef46b e-con-full e-flex e-con e-child\" data-id=\"4cef46b\" data-element_type=\"container\" data-e-type=\"container\">\n\t\t\t\t<div class=\"elementor-element elementor-element-6df1a74 elementor-widget elementor-widget-text-editor\" data-id=\"6df1a74\" data-element_type=\"widget\" data-e-type=\"widget\" data-widget_type=\"text-editor.default\">\n\t\t\t\t<div class=\"elementor-widget-container\">\n\t\t\t\t\t\t\t\t\tLe trouble d'apprentissage sp\u00e9cifique r\u00e9sulte de d\u00e9ficiences dans un ou plusieurs processus cognitifs impliquant l'identification, la r\u00e9tention, la compr\u00e9hension et l'acquisition de comp\u00e9tences d'\u00e9tude. Une caract\u00e9ristique importante du trouble d'apprentissage sp\u00e9cifique est que les difficult\u00e9s scolaires persistantes ne r\u00e9sultent pas d'une d\u00e9ficience intellectuelle (faible intelligence), d'une d\u00e9ficience neurologique, motrice, visuelle ou auditive, ni de facteurs externes tels que le statut socio-\u00e9conomique, le manque d'opportunit\u00e9s, les diff\u00e9rences culturelles ou linguistiques, les absences fr\u00e9quentes \u00e0 l'\u00e9cole, un enseignement m\u00e9diocre ou un simple manque de motivation.\t\t\t\t\t\t\t\t<\/div>\n\t\t\t\t<\/div>\n\t\t\t\t<\/div>\n\t\t\t\t\t<\/details>\n\t\t\t\t\t\t<details id=\"e-n-accordion-item-1821\" class=\"e-n-accordion-item\" >\n\t\t\t\t<summary class=\"e-n-accordion-item-title\" data-accordion-index=\"2\" tabindex=\"-1\" aria-expanded=\"false\" aria-controls=\"e-n-accordion-item-1821\" >\n\t\t\t\t\t<span class='e-n-accordion-item-title-header'><div class=\"e-n-accordion-item-title-text\"> Troubles sp\u00e9cifiques d'apprentissage en lecture <\/div><\/span>\n\t\t\t\t\t\t\t<span class='e-n-accordion-item-title-icon'>\n\t\t\t<span class='e-opened' ><svg aria-hidden=\"true\" class=\"e-font-icon-svg e-fas-minus\" viewbox=\"0 0 448 512\" xmlns=\"http:\/\/www.w3.org\/2000\/svg\"><path d=\"M416 208H32c-17.67 0-32 14.33-32 32v32c0 17.67 14.33 32 32 32h384c17.67 0 32-14.33 32-32v-32c0-17.67-14.33-32-32-32z\"><\/path><\/svg><\/span>\n\t\t\t<span class='e-closed'><svg aria-hidden=\"true\" class=\"e-font-icon-svg e-fas-plus\" viewbox=\"0 0 448 512\" xmlns=\"http:\/\/www.w3.org\/2000\/svg\"><path d=\"M416 208H272V64c0-17.67-14.33-32-32-32h-32c-17.67 0-32 14.33-32 32v144H32c-17.67 0-32 14.33-32 32v32c0 17.67 14.33 32 32 32h144v144c0 17.67 14.33 32 32 32h32c17.67 0 32-14.33 32-32V304h144c17.67 0 32-14.33 32-32v-32c0-17.67-14.33-32-32-32z\"><\/path><\/svg><\/span>\n\t\t<\/span>\n\n\t\t\t\t\t\t<\/summary>\n\t\t\t\t<div role=\"region\" aria-labelledby=\"e-n-accordion-item-1821\" class=\"elementor-element elementor-element-bd61af0 e-con-full e-flex e-con e-child\" data-id=\"bd61af0\" data-element_type=\"container\" data-e-type=\"container\">\n\t\t\t\t<div class=\"elementor-element elementor-element-2fbd85f elementor-widget elementor-widget-text-editor\" data-id=\"2fbd85f\" data-element_type=\"widget\" data-e-type=\"widget\" data-widget_type=\"text-editor.default\">\n\t\t\t\t<div class=\"elementor-widget-container\">\n\t\t\t\t\t\t\t\t\tLes enfants pr\u00e9sentant un trouble sp\u00e9cifique de la lecture peuvent pr\u00e9senter des difficult\u00e9s de pr\u00e9cision en lecture, par exemple pour reconna\u00eetre, prononcer et lire des mots isol\u00e9s\u00a0; une difficult\u00e9 \u00e0 lire couramment, qui peut \u00eatre lente, h\u00e9sitante ou saccad\u00e9e, ce qui emp\u00eache la compr\u00e9hension\u00a0; ou une difficult\u00e9 \u00e0 comprendre la lecture, par exemple pour saisir le sens des mots ou des phrases. Un enfant pr\u00e9sentant un trouble de la lecture au niveau des mots peut avoir des difficult\u00e9s \u00e0 prononcer les mots ou \u00e0 s'en souvenir globalement. Un autre enfant peut se souvenir et prononcer les mots, mais lit lentement et ne retient pas la phrase. Un autre encore peut lire les mots correctement et rapidement, mais sans en conna\u00eetre la d\u00e9finition, ce qui emp\u00eache la compr\u00e9hension. Enfin, certains enfants ont simplement des difficult\u00e9s \u00e0 comprendre le langage oral et \u00e9crit en g\u00e9n\u00e9ral\u00a0; leur compr\u00e9hension en lecture est alors r\u00e9duite.\t\t\t\t\t\t\t\t<\/div>\n\t\t\t\t<\/div>\n\t\t\t\t<\/div>\n\t\t\t\t\t<\/details>\n\t\t\t\t\t\t<details id=\"e-n-accordion-item-1822\" class=\"e-n-accordion-item\" >\n\t\t\t\t<summary class=\"e-n-accordion-item-title\" data-accordion-index=\"3\" tabindex=\"-1\" aria-expanded=\"false\" aria-controls=\"e-n-accordion-item-1822\" >\n\t\t\t\t\t<span class='e-n-accordion-item-title-header'><div class=\"e-n-accordion-item-title-text\"> Troubles sp\u00e9cifiques d'apprentissage en math\u00e9matiques <\/div><\/span>\n\t\t\t\t\t\t\t<span class='e-n-accordion-item-title-icon'>\n\t\t\t<span class='e-opened' ><svg aria-hidden=\"true\" class=\"e-font-icon-svg e-fas-minus\" viewbox=\"0 0 448 512\" xmlns=\"http:\/\/www.w3.org\/2000\/svg\"><path d=\"M416 208H32c-17.67 0-32 14.33-32 32v32c0 17.67 14.33 32 32 32h384c17.67 0 32-14.33 32-32v-32c0-17.67-14.33-32-32-32z\"><\/path><\/svg><\/span>\n\t\t\t<span class='e-closed'><svg aria-hidden=\"true\" class=\"e-font-icon-svg e-fas-plus\" viewbox=\"0 0 448 512\" xmlns=\"http:\/\/www.w3.org\/2000\/svg\"><path d=\"M416 208H272V64c0-17.67-14.33-32-32-32h-32c-17.67 0-32 14.33-32 32v144H32c-17.67 0-32 14.33-32 32v32c0 17.67 14.33 32 32 32h144v144c0 17.67 14.33 32 32 32h32c17.67 0 32-14.33 32-32V304h144c17.67 0 32-14.33 32-32v-32c0-17.67-14.33-32-32-32z\"><\/path><\/svg><\/span>\n\t\t<\/span>\n\n\t\t\t\t\t\t<\/summary>\n\t\t\t\t<div role=\"region\" aria-labelledby=\"e-n-accordion-item-1822\" class=\"elementor-element elementor-element-f2a7863 e-con-full e-flex e-con e-child\" data-id=\"f2a7863\" data-element_type=\"container\" data-e-type=\"container\">\n\t\t\t\t<div class=\"elementor-element elementor-element-c218bfa elementor-widget elementor-widget-text-editor\" data-id=\"c218bfa\" data-element_type=\"widget\" data-e-type=\"widget\" data-widget_type=\"text-editor.default\">\n\t\t\t\t<div class=\"elementor-widget-container\">\n\t\t\t\t\t\t\t\t\tLes enfants pr\u00e9sentant un TAS en math\u00e9matiques ont des difficult\u00e9s \u00e0 ma\u00eetriser le sens des nombres (comprendre la grandeur, la quantit\u00e9 de nombres ou les relations entre eux), la fluidit\u00e9 math\u00e9matique (m\u00e9moriser ou se rappeler des faits math\u00e9matiques), le calcul math\u00e9matique (\u00e9tapes \u00e0 suivre pour r\u00e9soudre une \u00e9quation ou proc\u00e9dures \u00e0 suivre pour effectuer un calcul exact) ou le raisonnement math\u00e9matique (appliquer des concepts math\u00e9matiques, des faits ou des proc\u00e9dures donn\u00e9s pour r\u00e9soudre des probl\u00e8mes quantitatifs, souvent pr\u00e9sent\u00e9s verbalement). De nombreux enfants ont du mal \u00e0 distinguer les valeurs num\u00e9riques et ne peuvent pas estimer les r\u00e9ponses. Certains r\u00e9ussissent bien en math\u00e9matiques en g\u00e9n\u00e9ral, mais se perdent lorsqu'ils tentent de r\u00e9soudre un probl\u00e8me plus complexe en plusieurs \u00e9tapes. D'autres ne se souviennent pas des faits math\u00e9matiques (6 x 4 = 24) et doivent calculer mentalement ou sur papier, ce qui les ralentit. Enfin, certains enfants ont des difficult\u00e9s \u00e0 appliquer des formules math\u00e9matiques \u00e0 des probl\u00e8mes math\u00e9matiques\u00a0; ils ne peuvent donc pas traduire les mots en nombres ni d\u00e9chiffrer les calculs requis dans la phrase.\t\t\t\t\t\t\t\t<\/div>\n\t\t\t\t<\/div>\n\t\t\t\t<\/div>\n\t\t\t\t\t<\/details>\n\t\t\t\t\t\t<details id=\"e-n-accordion-item-1823\" class=\"e-n-accordion-item\" >\n\t\t\t\t<summary class=\"e-n-accordion-item-title\" data-accordion-index=\"4\" tabindex=\"-1\" aria-expanded=\"false\" aria-controls=\"e-n-accordion-item-1823\" >\n\t\t\t\t\t<span class='e-n-accordion-item-title-header'><div class=\"e-n-accordion-item-title-text\"> Troubles sp\u00e9cifiques d'apprentissage de l'\u00e9criture <\/div><\/span>\n\t\t\t\t\t\t\t<span class='e-n-accordion-item-title-icon'>\n\t\t\t<span class='e-opened' ><svg aria-hidden=\"true\" class=\"e-font-icon-svg e-fas-minus\" viewbox=\"0 0 448 512\" xmlns=\"http:\/\/www.w3.org\/2000\/svg\"><path d=\"M416 208H32c-17.67 0-32 14.33-32 32v32c0 17.67 14.33 32 32 32h384c17.67 0 32-14.33 32-32v-32c0-17.67-14.33-32-32-32z\"><\/path><\/svg><\/span>\n\t\t\t<span class='e-closed'><svg aria-hidden=\"true\" class=\"e-font-icon-svg e-fas-plus\" viewbox=\"0 0 448 512\" xmlns=\"http:\/\/www.w3.org\/2000\/svg\"><path d=\"M416 208H272V64c0-17.67-14.33-32-32-32h-32c-17.67 0-32 14.33-32 32v144H32c-17.67 0-32 14.33-32 32v32c0 17.67 14.33 32 32 32h144v144c0 17.67 14.33 32 32 32h32c17.67 0 32-14.33 32-32V304h144c17.67 0 32-14.33 32-32v-32c0-17.67-14.33-32-32-32z\"><\/path><\/svg><\/span>\n\t\t<\/span>\n\n\t\t\t\t\t\t<\/summary>\n\t\t\t\t<div role=\"region\" aria-labelledby=\"e-n-accordion-item-1823\" class=\"elementor-element elementor-element-308eb37 e-con-full e-flex e-con e-child\" data-id=\"308eb37\" data-element_type=\"container\" data-e-type=\"container\">\n\t\t\t\t<div class=\"elementor-element elementor-element-378703c elementor-widget elementor-widget-text-editor\" data-id=\"378703c\" data-element_type=\"widget\" data-e-type=\"widget\" data-widget_type=\"text-editor.default\">\n\t\t\t\t<div class=\"elementor-widget-container\">\n\t\t\t\t\t\t\t\t\tLes enfants souffrant de troubles affectifs de l'\u00e9criture ont des difficult\u00e9s d'orthographe, de grammaire et de ponctuation, ainsi que d'organisation et de clart\u00e9. Lorsqu'ils \u00e9crivent, ils doivent planifier ce qu'ils veulent dire, organiser leurs pens\u00e9es, r\u00e9diger les phrases, les relire pour s'assurer qu'elles sonnent juste, puis les r\u00e9viser pour que le texte global soit coh\u00e9rent. Tout cela est tr\u00e8s difficile pour les enfants inattentifs, mal organis\u00e9s ou impulsifs, qui ne r\u00e9visent pas leur travail.\t\t\t\t\t\t\t\t<\/div>\n\t\t\t\t<\/div>\n\t\t\t\t<\/div>\n\t\t\t\t\t<\/details>\n\t\t\t\t\t\t<details id=\"e-n-accordion-item-1824\" class=\"e-n-accordion-item\" >\n\t\t\t\t<summary class=\"e-n-accordion-item-title\" data-accordion-index=\"5\" tabindex=\"-1\" aria-expanded=\"false\" aria-controls=\"e-n-accordion-item-1824\" >\n\t\t\t\t\t<span class='e-n-accordion-item-title-header'><div class=\"e-n-accordion-item-title-text\"> Troubles sp\u00e9cifiques des apprentissages du langage oral <\/div><\/span>\n\t\t\t\t\t\t\t<span class='e-n-accordion-item-title-icon'>\n\t\t\t<span class='e-opened' ><svg aria-hidden=\"true\" class=\"e-font-icon-svg e-fas-minus\" viewbox=\"0 0 448 512\" xmlns=\"http:\/\/www.w3.org\/2000\/svg\"><path d=\"M416 208H32c-17.67 0-32 14.33-32 32v32c0 17.67 14.33 32 32 32h384c17.67 0 32-14.33 32-32v-32c0-17.67-14.33-32-32-32z\"><\/path><\/svg><\/span>\n\t\t\t<span class='e-closed'><svg aria-hidden=\"true\" class=\"e-font-icon-svg e-fas-plus\" viewbox=\"0 0 448 512\" xmlns=\"http:\/\/www.w3.org\/2000\/svg\"><path d=\"M416 208H272V64c0-17.67-14.33-32-32-32h-32c-17.67 0-32 14.33-32 32v144H32c-17.67 0-32 14.33-32 32v32c0 17.67 14.33 32 32 32h144v144c0 17.67 14.33 32 32 32h32c17.67 0 32-14.33 32-32V304h144c17.67 0 32-14.33 32-32v-32c0-17.67-14.33-32-32-32z\"><\/path><\/svg><\/span>\n\t\t<\/span>\n\n\t\t\t\t\t\t<\/summary>\n\t\t\t\t<div role=\"region\" aria-labelledby=\"e-n-accordion-item-1824\" class=\"elementor-element elementor-element-c7ebb3f e-con-full e-flex e-con e-child\" data-id=\"c7ebb3f\" data-element_type=\"container\" data-e-type=\"container\">\n\t\t\t\t<div class=\"elementor-element elementor-element-74fc1c3 elementor-widget elementor-widget-text-editor\" data-id=\"74fc1c3\" data-element_type=\"widget\" data-e-type=\"widget\" data-widget_type=\"text-editor.default\">\n\t\t\t\t<div class=\"elementor-widget-container\">\n\t\t\t\t\t\t\t\t\t<p>Children with oral language SAD may have difficulty with phonological awareness (sensitivity to the sounds of spoken language), with semantics (vocabulary), with receptive language (understanding spoken language), with expressive language (using of the language), or with grammar and syntax (verb tense, word order, sentence structure). These children have difficulty following instructions given orally and making oral presentations. They also exhibit weak conversational skills.<\/p><p>Bien que certains soutiennent que le TAS est permanent, des \u00e9tudes r\u00e9centes sugg\u00e8rent que des interventions sp\u00e9cifiques et cibl\u00e9es pourraient modifier les \u00ab\u00a0connexions\u00a0\u00bb c\u00e9r\u00e9brales afin de permettre aux enfants atteints de TAS d'utiliser les m\u00eames r\u00e9gions c\u00e9r\u00e9brales pour lire, \u00e9crire et calculer que les enfants sans troubles d'apprentissage. D'o\u00f9 l'importance de comprendre le type de TAS dont souffre un enfant et de lui proposer une \u00e9ducation ou des interventions cibl\u00e9es pour l'aider \u00e0 surmonter ce probl\u00e8me.<\/p>\t\t\t\t\t\t\t\t<\/div>\n\t\t\t\t<\/div>\n\t\t\t\t<\/div>\n\t\t\t\t\t<\/details>\n\t\t\t\t\t<\/div>\n\t\t\t\t\t\t<\/div>\n\t\t\t\t<\/div>\n\t\t\t\t\t<\/div>\n\t\t<\/div>\n\t\t\t\t\t<\/div>\n\t\t<\/section>\n\t\t\t\t<\/div>","protected":false},"excerpt":{"rendered":"<p>Two Wings Offering Two Wings International School, after daily classroom observations, meetings with teachers and discussions with parents, strives to: To evaluate students with educational tools conscientiously designed by expert teams and serving as a diagnostic test model. To determine more or less the degree of difficulty of the child. To invite parents to enroll <\/p>","protected":false},"author":1,"featured_media":0,"parent":0,"menu_order":0,"comment_status":"closed","ping_status":"closed","template":"","meta":{"_acf_changed":false,"footnotes":""},"class_list":["post-374","page","type-page","status-publish","hentry"],"acf":[],"jetpack_sharing_enabled":true,"_links":{"self":[{"href":"https:\/\/twowingsis.com\/fr\/wp-json\/wp\/v2\/pages\/374","targetHints":{"allow":["GET"]}}],"collection":[{"href":"https:\/\/twowingsis.com\/fr\/wp-json\/wp\/v2\/pages"}],"about":[{"href":"https:\/\/twowingsis.com\/fr\/wp-json\/wp\/v2\/types\/page"}],"author":[{"embeddable":true,"href":"https:\/\/twowingsis.com\/fr\/wp-json\/wp\/v2\/users\/1"}],"replies":[{"embeddable":true,"href":"https:\/\/twowingsis.com\/fr\/wp-json\/wp\/v2\/comments?post=374"}],"version-history":[{"count":52,"href":"https:\/\/twowingsis.com\/fr\/wp-json\/wp\/v2\/pages\/374\/revisions"}],"predecessor-version":[{"id":8172,"href":"https:\/\/twowingsis.com\/fr\/wp-json\/wp\/v2\/pages\/374\/revisions\/8172"}],"wp:attachment":[{"href":"https:\/\/twowingsis.com\/fr\/wp-json\/wp\/v2\/media?parent=374"}],"curies":[{"name":"wp","href":"https:\/\/api.w.org\/{rel}","templated":true}]}}