{"id":34,"date":"2020-05-02T05:24:09","date_gmt":"2020-05-02T05:24:09","guid":{"rendered":"https:\/\/mobilebusters.website\/christine\/become-a-teacher\/"},"modified":"2025-06-24T05:58:56","modified_gmt":"2025-06-24T05:58:56","slug":"character-education","status":"publish","type":"page","link":"https:\/\/twowingsis.com\/fr\/character-education\/","title":{"rendered":"\u00c9ducation du Caract\u00e8re"},"content":{"rendered":"<div data-elementor-type=\"wp-page\" data-elementor-id=\"34\" class=\"elementor elementor-34\">\n\t\t\t\t\t\t<section class=\"elementor-section elementor-top-section elementor-element elementor-element-6fffefb elementor-section-full_width elementor-section-height-default elementor-section-height-default\" data-id=\"6fffefb\" data-element_type=\"section\" data-e-type=\"section\">\n\t\t\t\t\t\t<div class=\"elementor-container elementor-column-gap-no\">\n\t\t\t\t\t<div class=\"elementor-column elementor-col-100 elementor-top-column elementor-element elementor-element-66fa0d4\" data-id=\"66fa0d4\" data-element_type=\"column\" data-e-type=\"column\">\n\t\t\t<div class=\"elementor-widget-wrap elementor-element-populated\">\n\t\t\t\t\t\t<div class=\"elementor-element elementor-element-dcb93d3 elementor-widget elementor-widget-eCademy_About_College_Three\" data-id=\"dcb93d3\" data-element_type=\"widget\" data-e-type=\"widget\" data-widget_type=\"eCademy_About_College_Three.default\">\n\t\t\t\t<div class=\"elementor-widget-container\">\n\t\t\t\t\t        <div class=\"ptb-100\">\n            <div class=\"container\">\n                <div class=\"row align-items-center\">\n                    <div class=\"col-lg-12 col-xl-6\">\n                        <div class=\"cw-about\">\n                            <div class=\"cw-about-content\">\n                                <h3 class=\"playfair-display-font el-title\">\n                                                                    <\/h3>\n                                <p>\u00c0 l'\u00c9cole Internationale Two Wings, nous consid\u00e9rons les jeunes comme le tr\u00e9sor le plus pr\u00e9cieux qu'une communaut\u00e9 puisse poss\u00e9der. Ils sont la promesse et la garantie de l'avenir. Cependant, pour que cette promesse se r\u00e9alise, les enfants ont besoin d'une nourriture spirituelle, en plus de leur \u00e9ducation scolaire. Dans un monde o\u00f9 la joie et l'innocence de l'enfance peuvent \u00eatre si facilement \u00e9touff\u00e9es par la poursuite agressive de fins mat\u00e9rialistes, l'\u00e9ducation morale et spirituelle des enfants rev\u00eat une importance vitale.<\/p>\n                            <\/div>\n\n\n                             \n                                <div class=\"cw-about-mission-vision\">\n                                    <h3 class=\"playfair-display-font\"><\/h3>\n                                    <p>\n                                        L\u2019\u00e9ducation morale et spirituelle offerte \u00e0 l\u2019\u00e9cole communautaire Two Wings met l\u2019accent sur l\u2019acquisition de qualit\u00e9s spirituelles \u2013 par exemple, la v\u00e9racit\u00e9, la g\u00e9n\u00e9rosit\u00e9, la puret\u00e9 du c\u0153ur et la gentillesse, pour n\u2019en nommer que quelques-unes \u2013 qui sont consid\u00e9r\u00e9es comme des attributs de Dieu qui se refl\u00e8tent dans le miroir du c\u0153ur humain.                                    <\/p>\n                                <\/div>\n                            \n                            <div class=\"cw-search-your-program\">\n                                <h3 class=\"playfair-display-font\"><\/h3>\n                                <ul>\n                                    Nous croyons que, surtout durant la petite enfance, une grande importance doit \u00eatre accord\u00e9e au d\u00e9veloppement des qualit\u00e9s spirituelles et des croyances, habitudes et comportements qui constituent les attributs essentiels d'un \u00eatre spirituel. Notre objectif est que les enfants atteignent un stade o\u00f9 ils peuvent comprendre et agir en cons\u00e9quence de l'imp\u00e9ratif de leur propre d\u00e9veloppement spirituel et de leur contribution au bien-\u00eatre de la soci\u00e9t\u00e9.                                <\/ul>\n                            <\/div>\n                        <\/div>\n                    <\/div>\n\n                    <div class=\"col-lg-12 col-xl-6\">\n                        <div class=\"cw-welcome-img\">\n                                                            <img decoding=\"async\" src=\"https:\/\/twowingsis.com\/wp-content\/uploads\/2025\/06\/circle-childrens.jpg\" alt=\"\">\n                                                    <\/div>\n                    <\/div>\n                <\/div>\n            <\/div>\n        <\/div>\n        \t\t\t\t<\/div>\n\t\t\t\t<\/div>\n\t\t\t\t<div class=\"elementor-element elementor-element-6547aac elementor-widget elementor-widget-eCademy_College_Quote\" data-id=\"6547aac\" data-element_type=\"widget\" data-e-type=\"widget\" data-widget_type=\"eCademy_College_Quote.default\">\n\t\t\t\t<div class=\"elementor-widget-container\">\n\t\t\t\t\t            <div class=\"ptb-100\">\n                <div class=\"container\">\n                    <div class=\"row align-items-center\">\n                                                    <div class=\"col-lg-6\">\n                                <img decoding=\"async\" src=\"https:\/\/twowingsis.com\/wp-content\/uploads\/2025\/06\/special-education.jpg\" alt=\"\">\n                            <\/div>\n\n                            <div class=\"col-lg-6\">\n                                                    <div class=\"cw-college-dean-message\">\n                                <h2 class=\"playfair-display-font el-title\">\n                                                                    <\/h2>\n                                Ce concept d'\u00e9ducation spirituelle repose sur la croyance bah\u00e1'\u00ede selon laquelle l'identit\u00e9 essentielle de chaque \u00eatre humain r\u00e9side dans une \u00e2me rationnelle et immortelle, et qu'au c\u0153ur de la vie spirituelle se trouve le d\u00e9veloppement des qualit\u00e9s spirituelles qui nous aident dans notre cheminement \u00e9ternel vers Dieu. De nombreux facteurs contribuent \u00e0 ce d\u00e9veloppement, parmi lesquels la pri\u00e8re, la r\u00e9flexion, la volont\u00e9 d'apprendre et l'effort quotidien constant, notamment au service de l'humanit\u00e9.<br><br>\n\nInspir\u00e9e par la foi baha\u00efe, cette \u00e9ducation spirituelle r\u00e9pond aux aspirations spirituelles de tous les enfants, qu'ils soient baha\u00efs, chr\u00e9tiens, musulmans, juifs ou appartenant \u00e0 toute autre communaut\u00e9 religieuse. C'est pourquoi tous les enfants, quelle que soit leur confession, sont les bienvenus \u00e0 l'\u00e9cole.                            <\/div>\n                        <\/div>\n                    <\/div>\n                <\/div>\n            <\/div>\n            \t\t\t\t<\/div>\n\t\t\t\t<\/div>\n\t\t\t\t\t<\/div>\n\t\t<\/div>\n\t\t\t\t\t<\/div>\n\t\t<\/section>\n\t\t\t\t<\/div>","protected":false},"excerpt":{"rendered":"<p>At Two Wings International School, we see the young as the most precious treasure a community can possess. In them are the promise and guarantee of the future. Yet, in order for this promise to be realized, children need to receive spiritual nourishment, in addition to their academic education. In a world where the joy <\/p>","protected":false},"author":1,"featured_media":0,"parent":0,"menu_order":0,"comment_status":"closed","ping_status":"closed","template":"","meta":{"_acf_changed":false,"footnotes":""},"class_list":["post-34","page","type-page","status-publish","hentry"],"acf":[],"jetpack_sharing_enabled":true,"_links":{"self":[{"href":"https:\/\/twowingsis.com\/fr\/wp-json\/wp\/v2\/pages\/34","targetHints":{"allow":["GET"]}}],"collection":[{"href":"https:\/\/twowingsis.com\/fr\/wp-json\/wp\/v2\/pages"}],"about":[{"href":"https:\/\/twowingsis.com\/fr\/wp-json\/wp\/v2\/types\/page"}],"author":[{"embeddable":true,"href":"https:\/\/twowingsis.com\/fr\/wp-json\/wp\/v2\/users\/1"}],"replies":[{"embeddable":true,"href":"https:\/\/twowingsis.com\/fr\/wp-json\/wp\/v2\/comments?post=34"}],"version-history":[{"count":22,"href":"https:\/\/twowingsis.com\/fr\/wp-json\/wp\/v2\/pages\/34\/revisions"}],"predecessor-version":[{"id":8021,"href":"https:\/\/twowingsis.com\/fr\/wp-json\/wp\/v2\/pages\/34\/revisions\/8021"}],"wp:attachment":[{"href":"https:\/\/twowingsis.com\/fr\/wp-json\/wp\/v2\/media?parent=34"}],"curies":[{"name":"wp","href":"https:\/\/api.w.org\/{rel}","templated":true}]}}