{"id":246,"date":"2020-05-06T08:34:14","date_gmt":"2020-05-06T08:34:14","guid":{"rendered":"https:\/\/mobilebusters.website\/christine\/?page_id=246"},"modified":"2025-07-01T00:29:35","modified_gmt":"2025-07-01T00:29:35","slug":"contact","status":"publish","type":"page","link":"https:\/\/twowingsis.com\/fr\/contact\/","title":{"rendered":"Contactez-nous"},"content":{"rendered":"<div data-elementor-type=\"wp-page\" data-elementor-id=\"246\" class=\"elementor elementor-246\">\n\t\t\t\t\t\t<section class=\"elementor-section elementor-top-section elementor-element elementor-element-3cfc6dc elementor-section-full_width elementor-section-height-default elementor-section-height-default\" data-id=\"3cfc6dc\" data-element_type=\"section\" data-e-type=\"section\">\n\t\t\t\t\t\t<div class=\"elementor-container elementor-column-gap-no\">\n\t\t\t\t\t<div class=\"elementor-column elementor-col-100 elementor-top-column elementor-element elementor-element-ad922e7\" data-id=\"ad922e7\" data-element_type=\"column\" data-e-type=\"column\">\n\t\t\t<div class=\"elementor-widget-wrap elementor-element-populated\">\n\t\t\t\t\t\t<div class=\"elementor-element elementor-element-0082aec elementor-widget elementor-widget-Contact_Area\" data-id=\"0082aec\" data-element_type=\"widget\" data-e-type=\"widget\" data-widget_type=\"Contact_Area.default\">\n\t\t\t\t<div class=\"elementor-widget-container\">\n\t\t\t\t\t        <div class=\"contact-area ptb-100\">\r\n            <div class=\"container\">\r\n                <div class=\"row\">\r\n                    <div class=\"col-lg-6 col-md-12\">\r\n                        <div class=\"contact-info\">\r\n                            <span class=\"sub-title\">Informations de contact<\/span>\r\n                            <h2 >Nous serions ravis de vous entendre<\/h2>\r\n                            <p >\u00c0 Two Wings International School, nous accordons une grande importance \u00e0 la communication ouverte. Que vous ayez des questions concernant l\u2019admission, nos programmes scolaires ou que vous souhaitiez planifier une visite, notre \u00e9quipe est \u00e0 votre disposition. N\u2019h\u00e9sitez pas \u00e0 nous contacter en utilisant les informations ci-dessous \u2014 nous serons heureux de vous r\u00e9pondre !<\/p>\r\n\r\n                            <ul>\r\n                                                                    <li>\r\n                                        <div class=\"icon\">\r\n                                            <i class=\"bx bx-map\"><\/i>\r\n                                        <\/div>\r\n                                        <h3>Notre adresse<\/h3>\r\n                                        <p>KG 9 Avenue, Plot 75, Kibirare 2, Nyarutarama, Kigali, Rwanda<\/p>                                    <\/li>\r\n                                                                    <li>\r\n                                        <div class=\"icon\">\r\n                                            <i class=\"bx bx-mail-send\"><\/i>\r\n                                        <\/div>\r\n                                        <h3>E-Mail<\/h3>\r\n                                        <p><a href=\"mailto:info@twowingsis.com\">info@twowingsis.com<\/a><\/p>\n                                    <\/li>\r\n                                                                    <li>\r\n                                        <div class=\"icon\">\r\n                                            <i class=\"bx bx-phone-call\"><\/i>\r\n                                        <\/div>\r\n                                        <h3>T\u00e9l\u00e9phone<\/h3>\r\n                                        <p>Mobile: <a href=\"tel:+250787112 323\">+250 787 112 323 \/ +250 793 762 008<\/a><\/p>\n\n                                    <\/li>\r\n                                                                    <li>\r\n                                        <div class=\"icon\">\r\n                                            <i class=\"bx bx-time\"><\/i>\r\n                                        <\/div>\r\n                                        <h3>Horaires d'ouverture<\/h3>\r\n                                        <p>Monday - Friday: 9:00AM - 5:00PM<\/p>                                                                        <\/li>\r\n                                                            <\/ul>\r\n                        <\/div>\r\n                    <\/div>\r\n\r\n                    <div class=\"col-lg-6 col-md-12\">\r\n                        <div class=\"contact-form\" style=\"background-image:url();\">\r\n                            <h2 >Envoyez-nous un message<\/h2>\r\n\r\n                            <p >Vous avez une question ou souhaitez nous contacter ? Remplissez le formulaire ci-dessous et un membre de notre \u00e9quipe vous r\u00e9pondra dans les plus brefs d\u00e9lais. Au plaisir de vous lire !<\/p>\r\n\r\n                            \n<div class=\"wpcf7 no-js\" id=\"wpcf7-f9-o1\" lang=\"en-US\" dir=\"ltr\" data-wpcf7-id=\"9\">\n<div class=\"screen-reader-response\"><p role=\"status\" aria-live=\"polite\" aria-atomic=\"true\"><\/p> <ul><\/ul><\/div>\n<form action=\"\/fr\/wp-json\/wp\/v2\/pages\/246#wpcf7-f9-o1\" method=\"post\" class=\"wpcf7-form init\" aria-label=\"Contact form\" novalidate=\"novalidate\" data-status=\"init\" data-trp-original-action=\"\/fr\/wp-json\/wp\/v2\/pages\/246#wpcf7-f9-o1\">\n<fieldset class=\"hidden-fields-container\"><input type=\"hidden\" name=\"_wpcf7\" value=\"9\" \/><input type=\"hidden\" name=\"_wpcf7_version\" value=\"6.1.5\" \/><input type=\"hidden\" name=\"_wpcf7_locale\" value=\"en_US\" \/><input type=\"hidden\" name=\"_wpcf7_unit_tag\" value=\"wpcf7-f9-o1\" \/><input type=\"hidden\" name=\"_wpcf7_container_post\" value=\"0\" \/><input type=\"hidden\" name=\"_wpcf7_posted_data_hash\" value=\"\" \/>\n<\/fieldset>\n<p><label> Votre Nom<br \/>\n<span class=\"wpcf7-form-control-wrap\" data-name=\"your-name\"><input size=\"40\" maxlength=\"400\" class=\"wpcf7-form-control wpcf7-text wpcf7-validates-as-required\" autocomplete=\"name\" aria-required=\"true\" aria-invalid=\"false\" value=\"\" type=\"text\" name=\"your-name\" \/><\/span> <\/label>\n<\/p>\n<p><label> Votre EMail<br \/>\n<span class=\"wpcf7-form-control-wrap\" data-name=\"your-email\"><input size=\"40\" maxlength=\"400\" class=\"wpcf7-form-control wpcf7-email wpcf7-validates-as-required wpcf7-text wpcf7-validates-as-email\" autocomplete=\"email\" aria-required=\"true\" aria-invalid=\"false\" value=\"\" type=\"email\" name=\"your-email\" \/><\/span> <\/label>\n<\/p>\n<p><label> Num\u00e9ro de t\u00e9l\u00e9phone<br \/>\n<span class=\"wpcf7-form-control-wrap\" data-name=\"your-phone\"><input size=\"40\" maxlength=\"400\" class=\"wpcf7-form-control wpcf7-text wpcf7-validates-as-required\" aria-required=\"true\" aria-invalid=\"false\" value=\"\" type=\"text\" name=\"your-phone\" \/><\/span> <\/label>\n<\/p>\n<p><label> Votre message<br \/>\n<span class=\"wpcf7-form-control-wrap\" data-name=\"your-message\"><textarea cols=\"40\" rows=\"10\" maxlength=\"2000\" class=\"wpcf7-form-control wpcf7-textarea\" aria-invalid=\"false\" name=\"your-message\"><\/textarea><\/span> <\/label>\n<\/p>\n<p><input class=\"wpcf7-form-control wpcf7-submit has-spinner\" type=\"submit\" value=\"Envoyer\" \/>\n<\/p><div class=\"wpcf7-response-output\" aria-hidden=\"true\"><\/div>\n<input type=\"hidden\" name=\"trp-form-language\" value=\"fr\"\/><\/form>\n<\/div>\n                        <\/div>\r\n                    <\/div>\r\n                <\/div>\r\n            <\/div>\r\n        <\/div>\r\n        \t\t\t\t<\/div>\n\t\t\t\t<\/div>\n\t\t\t\t\t<\/div>\n\t\t<\/div>\n\t\t\t\t\t<\/div>\n\t\t<\/section>\n\t\t\t\t<section class=\"elementor-section elementor-top-section elementor-element elementor-element-defbcd6 elementor-section-full_width elementor-section-height-default elementor-section-height-default\" data-id=\"defbcd6\" data-element_type=\"section\" data-e-type=\"section\">\n\t\t\t\t\t\t<div class=\"elementor-container elementor-column-gap-no\">\n\t\t\t\t\t<div class=\"elementor-column elementor-col-100 elementor-top-column elementor-element elementor-element-69b8d12\" data-id=\"69b8d12\" data-element_type=\"column\" data-e-type=\"column\">\n\t\t\t<div class=\"elementor-widget-wrap elementor-element-populated\">\n\t\t\t\t\t\t<div class=\"elementor-element elementor-element-73bba78 elementor-widget elementor-widget-google_maps\" data-id=\"73bba78\" data-element_type=\"widget\" data-e-type=\"widget\" data-widget_type=\"google_maps.default\">\n\t\t\t\t<div class=\"elementor-widget-container\">\n\t\t\t\t\t\t\t<div class=\"elementor-custom-embed\">\n\t\t\t<iframe loading=\"lazy\"\n\t\t\t\t\tsrc=\"https:\/\/maps.google.com\/maps?q=Two%20Wings%20International%20School&#038;t=m&#038;z=15&#038;output=embed&#038;iwloc=near\"\n\t\t\t\t\ttitle=\"Two Wings International School\"\n\t\t\t\t\taria-label=\"Two Wings International School\"\n\t\t\t><\/iframe>\n\t\t<\/div>\n\t\t\t\t\t\t<\/div>\n\t\t\t\t<\/div>\n\t\t\t\t\t<\/div>\n\t\t<\/div>\n\t\t\t\t\t<\/div>\n\t\t<\/section>\n\t\t\t\t<\/div>","protected":false},"excerpt":{"rendered":"<p>Contact Details We\u2019d Love to Hear From You At Two Wings International School, we value open communication and are always here to assist you. Whether you have questions about enrollment, our academic programs, or would like to schedule a visit, our team is ready to help. Please feel free to reach out using the contact <\/p>","protected":false},"author":1,"featured_media":0,"parent":0,"menu_order":0,"comment_status":"closed","ping_status":"closed","template":"","meta":{"_acf_changed":false,"footnotes":""},"class_list":["post-246","page","type-page","status-publish","hentry"],"acf":[],"jetpack_sharing_enabled":true,"_links":{"self":[{"href":"https:\/\/twowingsis.com\/fr\/wp-json\/wp\/v2\/pages\/246","targetHints":{"allow":["GET"]}}],"collection":[{"href":"https:\/\/twowingsis.com\/fr\/wp-json\/wp\/v2\/pages"}],"about":[{"href":"https:\/\/twowingsis.com\/fr\/wp-json\/wp\/v2\/types\/page"}],"author":[{"embeddable":true,"href":"https:\/\/twowingsis.com\/fr\/wp-json\/wp\/v2\/users\/1"}],"replies":[{"embeddable":true,"href":"https:\/\/twowingsis.com\/fr\/wp-json\/wp\/v2\/comments?post=246"}],"version-history":[{"count":18,"href":"https:\/\/twowingsis.com\/fr\/wp-json\/wp\/v2\/pages\/246\/revisions"}],"predecessor-version":[{"id":8633,"href":"https:\/\/twowingsis.com\/fr\/wp-json\/wp\/v2\/pages\/246\/revisions\/8633"}],"wp:attachment":[{"href":"https:\/\/twowingsis.com\/fr\/wp-json\/wp\/v2\/media?parent=246"}],"curies":[{"name":"wp","href":"https:\/\/api.w.org\/{rel}","templated":true}]}}