{"id":1207,"date":"2020-06-02T19:33:24","date_gmt":"2020-06-02T19:33:24","guid":{"rendered":"https:\/\/mobilebusters.website\/christine\/?page_id=1207"},"modified":"2025-06-17T07:09:30","modified_gmt":"2025-06-17T07:09:30","slug":"directors-message","status":"publish","type":"page","link":"https:\/\/twowingsis.com\/fr\/directors-message\/","title":{"rendered":"Message du Directeur"},"content":{"rendered":"<div data-elementor-type=\"wp-page\" data-elementor-id=\"1207\" class=\"elementor elementor-1207\">\n\t\t\t\t\t\t<section class=\"elementor-section elementor-top-section elementor-element elementor-element-fd2d62e elementor-section-full_width elementor-section-height-default elementor-section-height-default\" data-id=\"fd2d62e\" data-element_type=\"section\" data-e-type=\"section\">\n\t\t\t\t\t\t<div class=\"elementor-container elementor-column-gap-default\">\n\t\t\t\t\t<div class=\"elementor-column elementor-col-50 elementor-top-column elementor-element elementor-element-ce59e70 elementor-hidden-tablet elementor-hidden-mobile\" data-id=\"ce59e70\" data-element_type=\"column\" data-e-type=\"column\">\n\t\t\t<div class=\"elementor-widget-wrap elementor-element-populated\">\n\t\t\t\t\t\t<div class=\"elementor-element elementor-element-3c5f093 elementor-widget elementor-widget-image\" data-id=\"3c5f093\" data-element_type=\"widget\" data-e-type=\"widget\" data-widget_type=\"image.default\">\n\t\t\t\t<div class=\"elementor-widget-container\">\n\t\t\t\t\t\t\t\t\t\t\t\t\t\t\t<img fetchpriority=\"high\" decoding=\"async\" width=\"700\" height=\"525\" src=\"https:\/\/twowingsis.com\/wp-content\/uploads\/2025\/06\/Director-TWIS-SCHOOL-x1.jpg\" class=\"attachment-full size-full wp-image-7643\" alt=\"\" srcset=\"https:\/\/twowingsis.com\/wp-content\/uploads\/2025\/06\/Director-TWIS-SCHOOL-x1.jpg 700w, https:\/\/twowingsis.com\/wp-content\/uploads\/2025\/06\/Director-TWIS-SCHOOL-x1-300x225.jpg 300w, https:\/\/twowingsis.com\/wp-content\/uploads\/2025\/06\/Director-TWIS-SCHOOL-x1-600x450.jpg 600w\" sizes=\"(max-width: 700px) 100vw, 700px\" \/>\t\t\t\t\t\t\t\t\t\t\t\t\t\t\t<\/div>\n\t\t\t\t<\/div>\n\t\t\t\t\t<\/div>\n\t\t<\/div>\n\t\t\t\t<div class=\"elementor-column elementor-col-50 elementor-top-column elementor-element elementor-element-f2372be\" data-id=\"f2372be\" data-element_type=\"column\" data-e-type=\"column\">\n\t\t\t<div class=\"elementor-widget-wrap elementor-element-populated\">\n\t\t\t\t\t\t<div class=\"elementor-element elementor-element-164337d elementor-widget elementor-widget-heading\" data-id=\"164337d\" data-element_type=\"widget\" data-e-type=\"widget\" data-widget_type=\"heading.default\">\n\t\t\t\t<div class=\"elementor-widget-container\">\n\t\t\t\t\t<h2 class=\"elementor-heading-title elementor-size-default\">Message du Directeur, Judith Nyamoga<\/h2>\t\t\t\t<\/div>\n\t\t\t\t<\/div>\n\t\t\t\t<div class=\"elementor-element elementor-element-1ba0a07 elementor-widget elementor-widget-text-editor\" data-id=\"1ba0a07\" data-element_type=\"widget\" data-e-type=\"widget\" data-widget_type=\"text-editor.default\">\n\t\t\t\t<div class=\"elementor-widget-container\">\n\t\t\t\t\t\t\t\t\t<p>Je suis heureuse et profond\u00e9ment reconnaissante de l'opportunit\u00e9 de vous accueillir tous \u00e0 l'\u00c9cole Internationale Two Wings. Notre vision fondamentale est d'offrir \u00e0 nos jeunes apprenants une base \u00e9ducative solide et \u00e9quilibr\u00e9e. Dans notre qu\u00eate de l'excellence, nous veillerons \u00e0 ce que les enfants trouvent de la joie, ainsi qu'une s\u00e9curit\u00e9 \u00e9motionnelle et physique, tout en participant \u00e0 une vari\u00e9t\u00e9 d'activit\u00e9s d'apprentissage qui prennent en compte leurs progr\u00e8s acad\u00e9miques, sociaux, \u00e9motionnels et spirituels, afin de r\u00e9v\u00e9ler leur plein potentiel. Le programme de notre \u00e9cole utilise deux langues d'enseignement : l'anglais et le fran\u00e7ais. Bien que l'accent soit mis sur le fran\u00e7ais d\u00e8s le Cambridge Early Age, il est soigneusement con\u00e7u pour offrir des programmes de qualit\u00e9 et \u00e9quilibr\u00e9s qui r\u00e9pondent aux normes \u00e9lev\u00e9es de l'\u00e9ducation.<\/p>\t\t\t\t\t\t\t\t<\/div>\n\t\t\t\t<\/div>\n\t\t\t\t\t<\/div>\n\t\t<\/div>\n\t\t\t\t\t<\/div>\n\t\t<\/section>\n\t\t\t\t<section class=\"elementor-section elementor-top-section elementor-element elementor-element-7f74cee elementor-section-full_width elementor-section-height-default elementor-section-height-default\" data-id=\"7f74cee\" data-element_type=\"section\" data-e-type=\"section\">\n\t\t\t\t\t\t<div class=\"elementor-container elementor-column-gap-default\">\n\t\t\t\t\t<div class=\"elementor-column elementor-col-50 elementor-top-column elementor-element elementor-element-89a7e5a\" data-id=\"89a7e5a\" data-element_type=\"column\" data-e-type=\"column\">\n\t\t\t<div class=\"elementor-widget-wrap elementor-element-populated\">\n\t\t\t\t\t\t<div class=\"elementor-element elementor-element-72a25e2 elementor-widget elementor-widget-heading\" data-id=\"72a25e2\" data-element_type=\"widget\" data-e-type=\"widget\" data-widget_type=\"heading.default\">\n\t\t\t\t<div class=\"elementor-widget-container\">\n\t\t\t\t\t<h2 class=\"elementor-heading-title elementor-size-default\">Two Wings International School<\/h2>\t\t\t\t<\/div>\n\t\t\t\t<\/div>\n\t\t\t\t<div class=\"elementor-element elementor-element-97d3691 elementor-widget elementor-widget-text-editor\" data-id=\"97d3691\" data-element_type=\"widget\" data-e-type=\"widget\" data-widget_type=\"text-editor.default\">\n\t\t\t\t<div class=\"elementor-widget-container\">\n\t\t\t\t\t\t\t\t\t<p>Nous int\u00e9grons les meilleures et les pratiques les plus innovantes en mati\u00e8re d'\u00e9ducation, en int\u00e9grant des activit\u00e9s d'apprentissage pratiques. Nous maintenons un accent clair sur le processus de recrutement et sur le r\u00f4le crucial des enseignants dans le bien-\u00eatre et le progr\u00e8s des enfants.<\/p><p>Nous s\u00e9lectionnons avec soin des enseignants et des assistants enseignants exp\u00e9riment\u00e9s et dignes de confiance, qui veillent au d\u00e9veloppement acad\u00e9mique, spirituel et personnel des enfants. \u00c0 l'\u00c9cole Internationale Two Wings, nous comprenons qu'une solide fondation spirituelle et morale aide les enfants \u00e0 d\u00e9velopper des vertus humaines et \u00e0 b\u00e2tir leur caract\u00e8re, ce qui est essentiel pour renforcer notre vision et mission \u00e9ducatives.<\/p>\t\t\t\t\t\t\t\t<\/div>\n\t\t\t\t<\/div>\n\t\t\t\t\t<\/div>\n\t\t<\/div>\n\t\t\t\t<div class=\"elementor-column elementor-col-50 elementor-top-column elementor-element elementor-element-23fc03e elementor-hidden-tablet elementor-hidden-mobile\" data-id=\"23fc03e\" data-element_type=\"column\" data-e-type=\"column\">\n\t\t\t<div class=\"elementor-widget-wrap elementor-element-populated\">\n\t\t\t\t\t\t<div class=\"elementor-element elementor-element-334add2 elementor-widget elementor-widget-image\" data-id=\"334add2\" data-element_type=\"widget\" data-e-type=\"widget\" data-widget_type=\"image.default\">\n\t\t\t\t<div class=\"elementor-widget-container\">\n\t\t\t\t\t\t\t\t\t\t\t\t\t\t\t<img decoding=\"async\" width=\"700\" height=\"525\" src=\"https:\/\/twowingsis.com\/wp-content\/uploads\/2025\/06\/school-TWIS.webp\" class=\"attachment-full size-full wp-image-7371\" alt=\"\" srcset=\"https:\/\/twowingsis.com\/wp-content\/uploads\/2025\/06\/school-TWIS.webp 700w, https:\/\/twowingsis.com\/wp-content\/uploads\/2025\/06\/school-TWIS-300x225.webp 300w, https:\/\/twowingsis.com\/wp-content\/uploads\/2025\/06\/school-TWIS-600x450.webp 600w\" sizes=\"(max-width: 700px) 100vw, 700px\" \/>\t\t\t\t\t\t\t\t\t\t\t\t\t\t\t<\/div>\n\t\t\t\t<\/div>\n\t\t\t\t\t<\/div>\n\t\t<\/div>\n\t\t\t\t\t<\/div>\n\t\t<\/section>\n\t\t\t\t<div class=\"elementor-section elementor-top-section elementor-element elementor-element-321e61d elementor-section-boxed elementor-section-height-default elementor-section-height-default\" data-id=\"321e61d\" data-element_type=\"section\" data-e-type=\"section\" data-settings=\"{&quot;background_background&quot;:&quot;classic&quot;}\">\n\t\t\t\t\t\t<div class=\"elementor-container elementor-column-gap-default\">\n\t\t\t\t\t<div class=\"elementor-column elementor-col-100 elementor-top-column elementor-element elementor-element-f88622f\" data-id=\"f88622f\" data-element_type=\"column\" data-e-type=\"column\">\n\t\t\t<div class=\"elementor-widget-wrap elementor-element-populated\">\n\t\t\t\t\t\t<div class=\"elementor-element elementor-element-89ce005 elementor-widget elementor-widget-heading\" data-id=\"89ce005\" data-element_type=\"widget\" data-e-type=\"widget\" data-widget_type=\"heading.default\">\n\t\t\t\t<div class=\"elementor-widget-container\">\n\t\t\t\t\t<h2 class=\"elementor-heading-title elementor-size-default\">Nos valeurs fondamentales<\/h2>\t\t\t\t<\/div>\n\t\t\t\t<\/div>\n\t\t\t\t<div class=\"elementor-element elementor-element-fdd5913 elementor-widget__width-initial elementor-widget-mobile__width-inherit elementor-widget elementor-widget-text-editor\" data-id=\"fdd5913\" data-element_type=\"widget\" data-e-type=\"widget\" data-widget_type=\"text-editor.default\">\n\t\t\t\t<div class=\"elementor-widget-container\">\n\t\t\t\t\t\t\t\t\t<p>Two Wings International School offre une opportunit\u00e9 extraordinaire tant dans les domaines curriculaires que transversaux. Nous disposons d'\u00e9quipements d'apprentissage (aires de jeux vertes, grande aire de sable, zoo p\u00e9dagogique, piscine, centre de jeux de r\u00f4le\u2026) qui favorisent un d\u00e9veloppement soign\u00e9, parmi d'autres mati\u00e8res, de nos deux langues d'enseignement (fran\u00e7ais et anglais) et encourageons nos enfants \u00e0 d\u00e9velopper leurs talents.<\/p>\t\t\t\t\t\t\t\t<\/div>\n\t\t\t\t<\/div>\n\t\t\t\t\t<\/div>\n\t\t<\/div>\n\t\t\t\t\t<\/div>\n\t\t<\/div>\n\t\t\t\t<section class=\"elementor-section elementor-top-section elementor-element elementor-element-70ed583 elementor-section-full_width elementor-section-height-default elementor-section-height-default\" data-id=\"70ed583\" data-element_type=\"section\" data-e-type=\"section\" data-settings=\"{&quot;background_background&quot;:&quot;classic&quot;}\">\n\t\t\t\t\t\t<div class=\"elementor-container elementor-column-gap-no\">\n\t\t\t\t\t<div class=\"elementor-column elementor-col-100 elementor-top-column elementor-element elementor-element-072cf03\" data-id=\"072cf03\" data-element_type=\"column\" data-e-type=\"column\">\n\t\t\t<div class=\"elementor-widget-wrap elementor-element-populated\">\n\t\t\t\t\t\t<div class=\"elementor-element elementor-element-77316b8 elementor-widget elementor-widget-eCademy_Team_Two\" data-id=\"77316b8\" data-element_type=\"widget\" data-e-type=\"widget\" data-widget_type=\"eCademy_Team_Two.default\">\n\t\t\t\t<div class=\"elementor-widget-container\">\n\t\t\t\t\t            <div class=\"pb-100\">\r\n                <div class=\"container\">\r\n                    <div class=\"section-title\">\r\n                        <h2 class=\"playfair-display-font el-title\">\r\n                                                    <\/h2>\r\n                    <\/div>\r\n\r\n                    <div class=\"cw-college-staff-slider owl-carousel owl-theme\">\r\n                                                    <div class=\"cw-college-staff\">\r\n                                <div class=\"img\">\r\n                                                                                                                        <img decoding=\"async\" src=\"https:\/\/twowingsis.com\/wp-content\/uploads\/2025\/06\/child-activities-x1.jpg\" alt=\"Learning &amp; Fun\">\r\n                                                                            \r\n                                                                    <\/div>\r\n\r\n                                <h3 class=\"playfair-display-font\">\r\n                                    Apprentissage &amp; Amusement                                <\/h3>\r\n                                <p>Dans un environnement scolaire dynamique, l'int\u00e9gration d'activit\u00e9s engageantes et d'apprentissage interactif rend l'\u00e9ducation non seulement agr\u00e9able, mais am\u00e9liore \u00e9galement la motivation et la compr\u00e9hension des \u00e9l\u00e8ves, favorisant ainsi un \u00e9quilibre harmonieux entre apprentissage et amusement.<\/p>\r\n\r\n                                <div class=\"hover-icon\">\r\n                                    <svg xmlns=\"http:\/\/www.w3.org\/2000\/svg\" width=\"64\" height=\"64\" viewbox=\"0 0 64 64\" fill=\"none\">\r\n                                        <g clip-path=\"url(#clip0_61_109)\">\r\n                                            <path d=\"M40.58 37.18C45.02 34.13 52.03 33.03 63.69 31.84C51.88 30.63 44.83 29.52 40.4 26.38C41.63 23.8 43.7 20.87 46.6 17.13C46.82 16.85 46.45 16.49 46.17 16.71C42.55 19.67 39.7 21.8 37.17 23.1C34.13 18.67 33.03 11.66 31.84 0C30.63 11.81 29.52 18.86 26.38 23.29C23.8 22.06 20.87 19.99 17.13 17.09C16.85 16.87 16.49 17.24 16.71 17.52C19.67 21.14 21.8 23.99 23.1 26.52C18.67 29.56 11.66 30.65 0 31.84C11.81 33.05 18.86 34.16 23.29 37.3C22.06 39.88 19.99 42.81 17.09 46.55C16.87 46.83 17.24 47.19 17.52 46.97C21.14 44.01 23.99 41.88 26.52 40.58C29.57 45.02 30.67 52.03 31.86 63.69C33.07 51.88 34.18 44.83 37.32 40.4C39.9 41.63 42.83 43.7 46.57 46.6C46.85 46.82 47.21 46.45 46.99 46.17C44 42.56 41.88 39.71 40.58 37.18Z\" fill=\"#FE4A55\"\/>\r\n                                        <\/g>\r\n                                        <defs>\r\n                                            <clippath id=\"clip0_61_109\">\r\n                                            <rect width=\"63.69\" height=\"63.69\" fill=\"white\"\/>\r\n                                            <\/clippath>\r\n                                        <\/defs>\r\n                                        <\/svg>\r\n                                <\/div>\r\n                            <\/div>\r\n                                                    <div class=\"cw-college-staff\">\r\n                                <div class=\"img\">\r\n                                                                                                                        <img decoding=\"async\" src=\"https:\/\/twowingsis.com\/wp-content\/uploads\/2025\/06\/child-activities-x2.jpg\" alt=\"Friendly Environment\">\r\n                                                                            \r\n                                                                    <\/div>\r\n\r\n                                <h3 class=\"playfair-display-font\">\r\n                                    Environnement Accueillant                                <\/h3>\r\n                                <p>Un environnement scolaire accueillant favorise une atmosph\u00e8re chaleureuse o\u00f9 les \u00e9l\u00e8ves se sentent valoris\u00e9s, respect\u00e9s et encourag\u00e9s \u00e0 explorer leur potentiel, cr\u00e9ant ainsi un espace positif pour la croissance acad\u00e9mique et le d\u00e9veloppement social.<\/p>\r\n\r\n                                <div class=\"hover-icon\">\r\n                                    <svg xmlns=\"http:\/\/www.w3.org\/2000\/svg\" width=\"64\" height=\"64\" viewbox=\"0 0 64 64\" fill=\"none\">\r\n                                        <g clip-path=\"url(#clip0_61_109)\">\r\n                                            <path d=\"M40.58 37.18C45.02 34.13 52.03 33.03 63.69 31.84C51.88 30.63 44.83 29.52 40.4 26.38C41.63 23.8 43.7 20.87 46.6 17.13C46.82 16.85 46.45 16.49 46.17 16.71C42.55 19.67 39.7 21.8 37.17 23.1C34.13 18.67 33.03 11.66 31.84 0C30.63 11.81 29.52 18.86 26.38 23.29C23.8 22.06 20.87 19.99 17.13 17.09C16.85 16.87 16.49 17.24 16.71 17.52C19.67 21.14 21.8 23.99 23.1 26.52C18.67 29.56 11.66 30.65 0 31.84C11.81 33.05 18.86 34.16 23.29 37.3C22.06 39.88 19.99 42.81 17.09 46.55C16.87 46.83 17.24 47.19 17.52 46.97C21.14 44.01 23.99 41.88 26.52 40.58C29.57 45.02 30.67 52.03 31.86 63.69C33.07 51.88 34.18 44.83 37.32 40.4C39.9 41.63 42.83 43.7 46.57 46.6C46.85 46.82 47.21 46.45 46.99 46.17C44 42.56 41.88 39.71 40.58 37.18Z\" fill=\"#FE4A55\"\/>\r\n                                        <\/g>\r\n                                        <defs>\r\n                                            <clippath id=\"clip0_61_109\">\r\n                                            <rect width=\"63.69\" height=\"63.69\" fill=\"white\"\/>\r\n                                            <\/clippath>\r\n                                        <\/defs>\r\n                                        <\/svg>\r\n                                <\/div>\r\n                            <\/div>\r\n                                                    <div class=\"cw-college-staff\">\r\n                                <div class=\"img\">\r\n                                                                                                                        <img decoding=\"async\" src=\"https:\/\/twowingsis.com\/wp-content\/uploads\/2025\/06\/child-activities-x3.jpg\" alt=\"Children Safety\">\r\n                                                                            \r\n                                                                    <\/div>\r\n\r\n                                <h3 class=\"playfair-display-font\">\r\n                                    La S\u00e9curit\u00e9 des Enfants                                <\/h3>\r\n                                <p>Assurer la s\u00e9curit\u00e9 des enfants \u00e0 l'\u00e9cole implique la mise en place de mesures compl\u00e8tes, comprenant des installations s\u00e9curis\u00e9es, une supervision vigilante et des protocoles efficaces, afin de cr\u00e9er un environnement o\u00f9 les \u00e9l\u00e8ves peuvent apprendre et s'\u00e9panouir en toute confiance et tranquillit\u00e9 d'esprit.<\/p>\r\n\r\n                                <div class=\"hover-icon\">\r\n                                    <svg xmlns=\"http:\/\/www.w3.org\/2000\/svg\" width=\"64\" height=\"64\" viewbox=\"0 0 64 64\" fill=\"none\">\r\n                                        <g clip-path=\"url(#clip0_61_109)\">\r\n                                            <path d=\"M40.58 37.18C45.02 34.13 52.03 33.03 63.69 31.84C51.88 30.63 44.83 29.52 40.4 26.38C41.63 23.8 43.7 20.87 46.6 17.13C46.82 16.85 46.45 16.49 46.17 16.71C42.55 19.67 39.7 21.8 37.17 23.1C34.13 18.67 33.03 11.66 31.84 0C30.63 11.81 29.52 18.86 26.38 23.29C23.8 22.06 20.87 19.99 17.13 17.09C16.85 16.87 16.49 17.24 16.71 17.52C19.67 21.14 21.8 23.99 23.1 26.52C18.67 29.56 11.66 30.65 0 31.84C11.81 33.05 18.86 34.16 23.29 37.3C22.06 39.88 19.99 42.81 17.09 46.55C16.87 46.83 17.24 47.19 17.52 46.97C21.14 44.01 23.99 41.88 26.52 40.58C29.57 45.02 30.67 52.03 31.86 63.69C33.07 51.88 34.18 44.83 37.32 40.4C39.9 41.63 42.83 43.7 46.57 46.6C46.85 46.82 47.21 46.45 46.99 46.17C44 42.56 41.88 39.71 40.58 37.18Z\" fill=\"#FE4A55\"\/>\r\n                                        <\/g>\r\n                                        <defs>\r\n                                            <clippath id=\"clip0_61_109\">\r\n                                            <rect width=\"63.69\" height=\"63.69\" fill=\"white\"\/>\r\n                                            <\/clippath>\r\n                                        <\/defs>\r\n                                        <\/svg>\r\n                                <\/div>\r\n                            <\/div>\r\n                                                    <div class=\"cw-college-staff\">\r\n                                <div class=\"img\">\r\n                                                                                                                        <img decoding=\"async\" src=\"https:\/\/twowingsis.com\/wp-content\/uploads\/2025\/06\/child-activities-x4.jpg\" alt=\"Healthy Meals\">\r\n                                                                            \r\n                                                                    <\/div>\r\n\r\n                                <h3 class=\"playfair-display-font\">\r\n                                    Repas Sains                                <\/h3>\r\n                                <p>Les repas sains \u00e0 l'\u00e9cole favorisent le bien-\u00eatre des \u00e9l\u00e8ves en offrant des options nutritives et \u00e9quilibr\u00e9es qui contribuent \u00e0 leur sant\u00e9 physique, leur fonction cognitive et leur \u00e9nergie globale, soutenant ainsi un environnement d'apprentissage positif.<\/p>\r\n\r\n                                <div class=\"hover-icon\">\r\n                                    <svg xmlns=\"http:\/\/www.w3.org\/2000\/svg\" width=\"64\" height=\"64\" viewbox=\"0 0 64 64\" fill=\"none\">\r\n                                        <g clip-path=\"url(#clip0_61_109)\">\r\n                                            <path d=\"M40.58 37.18C45.02 34.13 52.03 33.03 63.69 31.84C51.88 30.63 44.83 29.52 40.4 26.38C41.63 23.8 43.7 20.87 46.6 17.13C46.82 16.85 46.45 16.49 46.17 16.71C42.55 19.67 39.7 21.8 37.17 23.1C34.13 18.67 33.03 11.66 31.84 0C30.63 11.81 29.52 18.86 26.38 23.29C23.8 22.06 20.87 19.99 17.13 17.09C16.85 16.87 16.49 17.24 16.71 17.52C19.67 21.14 21.8 23.99 23.1 26.52C18.67 29.56 11.66 30.65 0 31.84C11.81 33.05 18.86 34.16 23.29 37.3C22.06 39.88 19.99 42.81 17.09 46.55C16.87 46.83 17.24 47.19 17.52 46.97C21.14 44.01 23.99 41.88 26.52 40.58C29.57 45.02 30.67 52.03 31.86 63.69C33.07 51.88 34.18 44.83 37.32 40.4C39.9 41.63 42.83 43.7 46.57 46.6C46.85 46.82 47.21 46.45 46.99 46.17C44 42.56 41.88 39.71 40.58 37.18Z\" fill=\"#FE4A55\"\/>\r\n                                        <\/g>\r\n                                        <defs>\r\n                                            <clippath id=\"clip0_61_109\">\r\n                                            <rect width=\"63.69\" height=\"63.69\" fill=\"white\"\/>\r\n                                            <\/clippath>\r\n                                        <\/defs>\r\n                                        <\/svg>\r\n                                <\/div>\r\n                            <\/div>\r\n                                            <\/div>\r\n                <\/div>\r\n            <\/div\r\n>\n\t\t\t\t<\/div>\n\t\t\t\t\t<\/div>\n\t\t<\/div>\n\t\t\t\t\t<\/div>\n\t\t<\/section>\n\t\t\t\t<\/div>","protected":false},"excerpt":{"rendered":"<p>Message from the Director, Judith Nyamoga I am happy and profoundly grateful for the opportunity to welcome you all to Two Wings International School. Our core vision is to offer to our young learners a strong educational foundation that is balanced. In our strive for excellence, we will insure that children find joy, emotional and <\/p>","protected":false},"author":1,"featured_media":0,"parent":0,"menu_order":0,"comment_status":"closed","ping_status":"closed","template":"","meta":{"_acf_changed":false,"footnotes":""},"class_list":["post-1207","page","type-page","status-publish","hentry"],"acf":[],"jetpack_sharing_enabled":true,"_links":{"self":[{"href":"https:\/\/twowingsis.com\/fr\/wp-json\/wp\/v2\/pages\/1207","targetHints":{"allow":["GET"]}}],"collection":[{"href":"https:\/\/twowingsis.com\/fr\/wp-json\/wp\/v2\/pages"}],"about":[{"href":"https:\/\/twowingsis.com\/fr\/wp-json\/wp\/v2\/types\/page"}],"author":[{"embeddable":true,"href":"https:\/\/twowingsis.com\/fr\/wp-json\/wp\/v2\/users\/1"}],"replies":[{"embeddable":true,"href":"https:\/\/twowingsis.com\/fr\/wp-json\/wp\/v2\/comments?post=1207"}],"version-history":[{"count":88,"href":"https:\/\/twowingsis.com\/fr\/wp-json\/wp\/v2\/pages\/1207\/revisions"}],"predecessor-version":[{"id":7707,"href":"https:\/\/twowingsis.com\/fr\/wp-json\/wp\/v2\/pages\/1207\/revisions\/7707"}],"wp:attachment":[{"href":"https:\/\/twowingsis.com\/fr\/wp-json\/wp\/v2\/media?parent=1207"}],"curies":[{"name":"wp","href":"https:\/\/api.w.org\/{rel}","templated":true}]}}